{"id":93570,"date":"2022-01-07T21:31:32","date_gmt":"2022-01-07T20:31:32","guid":{"rendered":"https:\/\/fba-events.com\/?page_id=93570"},"modified":"2022-01-07T21:31:33","modified_gmt":"2022-01-07T20:31:33","slug":"frederic-fournier","status":"publish","type":"page","link":"https:\/\/fba-events.com\/index.php\/frederic-fournier\/","title":{"rendered":"Fr\u00e9d\u00e9ric Fournier"},"content":{"rendered":"\n<p style=\"text-align: justify;\"><img data-attachment-id=\"93571\" data-permalink=\"https:\/\/fba-events.com\/index.php\/frederic-fournier\/frederic-fournier\/\" data-orig-file=\"https:\/\/i0.wp.com\/fba-events.com\/wp-content\/uploads\/2021\/12\/Frederic-Fournier.png?fit=550%2C550&amp;ssl=1\" data-orig-size=\"550,550\" data-comments-opened=\"0\" data-image-meta=\"{&quot;aperture&quot;:&quot;0&quot;,&quot;credit&quot;:&quot;&quot;,&quot;camera&quot;:&quot;&quot;,&quot;caption&quot;:&quot;&quot;,&quot;created_timestamp&quot;:&quot;0&quot;,&quot;copyright&quot;:&quot;&quot;,&quot;focal_length&quot;:&quot;0&quot;,&quot;iso&quot;:&quot;0&quot;,&quot;shutter_speed&quot;:&quot;0&quot;,&quot;title&quot;:&quot;&quot;,&quot;orientation&quot;:&quot;0&quot;}\" data-image-title=\"Frederic Fournier\" data-image-description=\"\" data-image-caption=\"\" data-medium-file=\"https:\/\/i0.wp.com\/fba-events.com\/wp-content\/uploads\/2021\/12\/Frederic-Fournier.png?fit=300%2C300&amp;ssl=1\" data-large-file=\"https:\/\/i0.wp.com\/fba-events.com\/wp-content\/uploads\/2021\/12\/Frederic-Fournier.png?fit=550%2C550&amp;ssl=1\" decoding=\"async\" loading=\"lazy\" class=\"wp-image-93571 size-medium alignleft\" src=\"https:\/\/i0.wp.com\/fba-events.com\/wp-content\/uploads\/2021\/12\/Frederic-Fournier.png?resize=300%2C300&#038;ssl=1\" alt=\"Frederic Fournier\" width=\"300\" height=\"300\" srcset=\"https:\/\/i0.wp.com\/fba-events.com\/wp-content\/uploads\/2021\/12\/Frederic-Fournier.png?resize=300%2C300&amp;ssl=1 300w, https:\/\/i0.wp.com\/fba-events.com\/wp-content\/uploads\/2021\/12\/Frederic-Fournier.png?resize=150%2C150&amp;ssl=1 150w, https:\/\/i0.wp.com\/fba-events.com\/wp-content\/uploads\/2021\/12\/Frederic-Fournier.png?resize=100%2C100&amp;ssl=1 100w, https:\/\/i0.wp.com\/fba-events.com\/wp-content\/uploads\/2021\/12\/Frederic-Fournier.png?resize=120%2C120&amp;ssl=1 120w, https:\/\/i0.wp.com\/fba-events.com\/wp-content\/uploads\/2021\/12\/Frederic-Fournier.png?resize=500%2C500&amp;ssl=1 500w, https:\/\/i0.wp.com\/fba-events.com\/wp-content\/uploads\/2021\/12\/Frederic-Fournier.png?resize=50%2C50&amp;ssl=1 50w, https:\/\/i0.wp.com\/fba-events.com\/wp-content\/uploads\/2021\/12\/Frederic-Fournier.png?w=550&amp;ssl=1 550w\" sizes=\"(max-width: 300px) 100vw, 300px\" data-recalc-dims=\"1\" \/><\/p>\n<p class=\"v1MsoNormal\" style=\"text-align: justify;\">Fr\u00e9d\u00e9ric Fournier is a natural scientist having worked in the environmental consulting industry for 20 years. He is the Director and co-founder of On A Mission, a Swiss based NGO supporting sustainable reforestation projects around the world. Seeing the need to scale forestation projects by bringing more transparency and trust, he co-founded the Open Forest Protocol (OFP). This open-source protocol will provide cutting edge tools for measurement, reporting and verification (MRV) of forestation projects, thus enabling carbon finance.<\/p>\n<p style=\"text-align: justify;\">\u00a0<\/p>\n","protected":false},"excerpt":{"rendered":"<p>Fr\u00e9d\u00e9ric Fournier is a natural scientist having worked in the environmental consulting industry for 20 years. He is the Director&hellip; <\/p>\n","protected":false},"author":1,"featured_media":0,"parent":0,"menu_order":0,"comment_status":"closed","ping_status":"closed","template":"","meta":{"jetpack_post_was_ever_published":false,"footnotes":""},"yoast_head":"<!-- This site is optimized with the Yoast SEO plugin v20.13 - https:\/\/yoast.com\/wordpress\/plugins\/seo\/ -->\n<title>Fr\u00e9d\u00e9ric Fournier &raquo; International Forest Business Conference<\/title>\n<meta name=\"robots\" content=\"index, follow, max-snippet:-1, max-image-preview:large, max-video-preview:-1\" \/>\n<link rel=\"canonical\" href=\"https:\/\/fba-events.com\/index.php\/frederic-fournier\/\" \/>\n<meta property=\"og:locale\" content=\"en_US\" \/>\n<meta property=\"og:type\" content=\"article\" \/>\n<meta property=\"og:title\" content=\"Fr\u00e9d\u00e9ric Fournier &raquo; International Forest Business Conference\" \/>\n<meta property=\"og:description\" content=\"Fr\u00e9d\u00e9ric Fournier is a natural scientist having worked in the environmental consulting industry for 20 years. He is the Director&hellip;\" \/>\n<meta property=\"og:url\" content=\"https:\/\/fba-events.com\/index.php\/frederic-fournier\/\" \/>\n<meta property=\"og:site_name\" content=\"International Forest Business Conference\" \/>\n<meta property=\"article:publisher\" content=\"https:\/\/www.facebook.com\/forestanalytics\/\" \/>\n<meta property=\"article:modified_time\" content=\"2022-01-07T20:31:33+00:00\" \/>\n<meta property=\"og:image\" content=\"https:\/\/fba-events.com\/wp-content\/uploads\/2021\/12\/Frederic-Fournier-300x300.png\" \/>\n<meta name=\"twitter:card\" content=\"summary_large_image\" \/>\n<meta name=\"twitter:label1\" content=\"Est. reading time\" \/>\n\t<meta name=\"twitter:data1\" content=\"1 minute\" \/>\n<script type=\"application\/ld+json\" class=\"yoast-schema-graph\">{\"@context\":\"https:\/\/schema.org\",\"@graph\":[{\"@type\":\"WebPage\",\"@id\":\"https:\/\/fba-events.com\/index.php\/frederic-fournier\/\",\"url\":\"https:\/\/fba-events.com\/index.php\/frederic-fournier\/\",\"name\":\"Fr\u00e9d\u00e9ric Fournier &raquo; International Forest Business Conference\",\"isPartOf\":{\"@id\":\"https:\/\/fba-events.com\/#website\"},\"datePublished\":\"2022-01-07T20:31:32+00:00\",\"dateModified\":\"2022-01-07T20:31:33+00:00\",\"breadcrumb\":{\"@id\":\"https:\/\/fba-events.com\/index.php\/frederic-fournier\/#breadcrumb\"},\"inLanguage\":\"en-US\",\"potentialAction\":[{\"@type\":\"ReadAction\",\"target\":[\"https:\/\/fba-events.com\/index.php\/frederic-fournier\/\"]}]},{\"@type\":\"BreadcrumbList\",\"@id\":\"https:\/\/fba-events.com\/index.php\/frederic-fournier\/#breadcrumb\",\"itemListElement\":[{\"@type\":\"ListItem\",\"position\":1,\"name\":\"Home\",\"item\":\"https:\/\/fba-events.com\/\"},{\"@type\":\"ListItem\",\"position\":2,\"name\":\"Fr\u00e9d\u00e9ric Fournier\"}]},{\"@type\":\"WebSite\",\"@id\":\"https:\/\/fba-events.com\/#website\",\"url\":\"https:\/\/fba-events.com\/\",\"name\":\"International Forest Business Conference 2020\",\"description\":\"The Leading Forum for Forest Investment Professionals\",\"publisher\":{\"@id\":\"https:\/\/fba-events.com\/#organization\"},\"potentialAction\":[{\"@type\":\"SearchAction\",\"target\":{\"@type\":\"EntryPoint\",\"urlTemplate\":\"https:\/\/fba-events.com\/?s={search_term_string}\"},\"query-input\":\"required name=search_term_string\"}],\"inLanguage\":\"en-US\"},{\"@type\":\"Organization\",\"@id\":\"https:\/\/fba-events.com\/#organization\",\"name\":\"International Forest Business Conference\",\"url\":\"https:\/\/fba-events.com\/\",\"logo\":{\"@type\":\"ImageObject\",\"inLanguage\":\"en-US\",\"@id\":\"https:\/\/fba-events.com\/#\/schema\/logo\/image\/\",\"url\":\"https:\/\/i2.wp.com\/fba-events.com\/wp-content\/uploads\/2017\/09\/ifbc-male.png?fit=250%2C84&ssl=1\",\"contentUrl\":\"https:\/\/i2.wp.com\/fba-events.com\/wp-content\/uploads\/2017\/09\/ifbc-male.png?fit=250%2C84&ssl=1\",\"width\":250,\"height\":84,\"caption\":\"International Forest Business Conference\"},\"image\":{\"@id\":\"https:\/\/fba-events.com\/#\/schema\/logo\/image\/\"},\"sameAs\":[\"https:\/\/www.facebook.com\/forestanalytics\/\",\"https:\/\/www.linkedin.com\/company\/forest-business-analytics\"]}]}<\/script>\n<!-- \/ Yoast SEO plugin. -->","yoast_head_json":{"title":"Fr\u00e9d\u00e9ric Fournier &raquo; International Forest Business Conference","robots":{"index":"index","follow":"follow","max-snippet":"max-snippet:-1","max-image-preview":"max-image-preview:large","max-video-preview":"max-video-preview:-1"},"canonical":"https:\/\/fba-events.com\/index.php\/frederic-fournier\/","og_locale":"en_US","og_type":"article","og_title":"Fr\u00e9d\u00e9ric Fournier &raquo; International Forest Business Conference","og_description":"Fr\u00e9d\u00e9ric Fournier is a natural scientist having worked in the environmental consulting industry for 20 years. He is the Director&hellip;","og_url":"https:\/\/fba-events.com\/index.php\/frederic-fournier\/","og_site_name":"International Forest Business Conference","article_publisher":"https:\/\/www.facebook.com\/forestanalytics\/","article_modified_time":"2022-01-07T20:31:33+00:00","og_image":[{"url":"https:\/\/fba-events.com\/wp-content\/uploads\/2021\/12\/Frederic-Fournier-300x300.png"}],"twitter_card":"summary_large_image","twitter_misc":{"Est. reading time":"1 minute"},"schema":{"@context":"https:\/\/schema.org","@graph":[{"@type":"WebPage","@id":"https:\/\/fba-events.com\/index.php\/frederic-fournier\/","url":"https:\/\/fba-events.com\/index.php\/frederic-fournier\/","name":"Fr\u00e9d\u00e9ric Fournier &raquo; International Forest Business Conference","isPartOf":{"@id":"https:\/\/fba-events.com\/#website"},"datePublished":"2022-01-07T20:31:32+00:00","dateModified":"2022-01-07T20:31:33+00:00","breadcrumb":{"@id":"https:\/\/fba-events.com\/index.php\/frederic-fournier\/#breadcrumb"},"inLanguage":"en-US","potentialAction":[{"@type":"ReadAction","target":["https:\/\/fba-events.com\/index.php\/frederic-fournier\/"]}]},{"@type":"BreadcrumbList","@id":"https:\/\/fba-events.com\/index.php\/frederic-fournier\/#breadcrumb","itemListElement":[{"@type":"ListItem","position":1,"name":"Home","item":"https:\/\/fba-events.com\/"},{"@type":"ListItem","position":2,"name":"Fr\u00e9d\u00e9ric Fournier"}]},{"@type":"WebSite","@id":"https:\/\/fba-events.com\/#website","url":"https:\/\/fba-events.com\/","name":"International Forest Business Conference 2020","description":"The Leading Forum for Forest Investment Professionals","publisher":{"@id":"https:\/\/fba-events.com\/#organization"},"potentialAction":[{"@type":"SearchAction","target":{"@type":"EntryPoint","urlTemplate":"https:\/\/fba-events.com\/?s={search_term_string}"},"query-input":"required name=search_term_string"}],"inLanguage":"en-US"},{"@type":"Organization","@id":"https:\/\/fba-events.com\/#organization","name":"International Forest Business Conference","url":"https:\/\/fba-events.com\/","logo":{"@type":"ImageObject","inLanguage":"en-US","@id":"https:\/\/fba-events.com\/#\/schema\/logo\/image\/","url":"https:\/\/i2.wp.com\/fba-events.com\/wp-content\/uploads\/2017\/09\/ifbc-male.png?fit=250%2C84&ssl=1","contentUrl":"https:\/\/i2.wp.com\/fba-events.com\/wp-content\/uploads\/2017\/09\/ifbc-male.png?fit=250%2C84&ssl=1","width":250,"height":84,"caption":"International Forest Business Conference"},"image":{"@id":"https:\/\/fba-events.com\/#\/schema\/logo\/image\/"},"sameAs":["https:\/\/www.facebook.com\/forestanalytics\/","https:\/\/www.linkedin.com\/company\/forest-business-analytics"]}]}},"jetpack_sharing_enabled":true,"jetpack_shortlink":"https:\/\/wp.me\/P98K2N-olc","_links":{"self":[{"href":"https:\/\/fba-events.com\/index.php\/wp-json\/wp\/v2\/pages\/93570"}],"collection":[{"href":"https:\/\/fba-events.com\/index.php\/wp-json\/wp\/v2\/pages"}],"about":[{"href":"https:\/\/fba-events.com\/index.php\/wp-json\/wp\/v2\/types\/page"}],"author":[{"embeddable":true,"href":"https:\/\/fba-events.com\/index.php\/wp-json\/wp\/v2\/users\/1"}],"replies":[{"embeddable":true,"href":"https:\/\/fba-events.com\/index.php\/wp-json\/wp\/v2\/comments?post=93570"}],"version-history":[{"count":2,"href":"https:\/\/fba-events.com\/index.php\/wp-json\/wp\/v2\/pages\/93570\/revisions"}],"predecessor-version":[{"id":93617,"href":"https:\/\/fba-events.com\/index.php\/wp-json\/wp\/v2\/pages\/93570\/revisions\/93617"}],"wp:attachment":[{"href":"https:\/\/fba-events.com\/index.php\/wp-json\/wp\/v2\/media?parent=93570"}],"curies":[{"name":"wp","href":"https:\/\/api.w.org\/{rel}","templated":true}]}}