{"id":1065,"date":"2018-01-19T23:36:53","date_gmt":"2018-01-19T22:36:53","guid":{"rendered":"http:\/\/fba-events.com\/?page_id=1065"},"modified":"2018-01-19T23:36:53","modified_gmt":"2018-01-19T22:36:53","slug":"petteri-pihlajamaki","status":"publish","type":"page","link":"https:\/\/fba-events.com\/index.php\/petteri-pihlajamaki\/","title":{"rendered":"Petteri Pihlajam\u00e4ki"},"content":{"rendered":"<p><img data-attachment-id=\"1066\" data-permalink=\"https:\/\/fba-events.com\/index.php\/petteri-pihlajamaki\/petteri\/\" data-orig-file=\"https:\/\/i0.wp.com\/fba-events.com\/wp-content\/uploads\/2018\/01\/PETTERI-.png?fit=566%2C570&amp;ssl=1\" data-orig-size=\"566,570\" data-comments-opened=\"0\" data-image-meta=\"{&quot;aperture&quot;:&quot;0&quot;,&quot;credit&quot;:&quot;&quot;,&quot;camera&quot;:&quot;&quot;,&quot;caption&quot;:&quot;&quot;,&quot;created_timestamp&quot;:&quot;0&quot;,&quot;copyright&quot;:&quot;&quot;,&quot;focal_length&quot;:&quot;0&quot;,&quot;iso&quot;:&quot;0&quot;,&quot;shutter_speed&quot;:&quot;0&quot;,&quot;title&quot;:&quot;&quot;,&quot;orientation&quot;:&quot;0&quot;}\" data-image-title=\"PETTERI\" data-image-description=\"\" data-image-caption=\"\" data-medium-file=\"https:\/\/i0.wp.com\/fba-events.com\/wp-content\/uploads\/2018\/01\/PETTERI-.png?fit=298%2C300&amp;ssl=1\" data-large-file=\"https:\/\/i0.wp.com\/fba-events.com\/wp-content\/uploads\/2018\/01\/PETTERI-.png?fit=566%2C570&amp;ssl=1\" decoding=\"async\" loading=\"lazy\" class=\"size-medium wp-image-1066 alignleft\" src=\"https:\/\/i0.wp.com\/fba-events.com\/wp-content\/uploads\/2018\/01\/PETTERI-.png?resize=298%2C300&#038;ssl=1\" alt=\"\" width=\"298\" height=\"300\" srcset=\"https:\/\/i0.wp.com\/fba-events.com\/wp-content\/uploads\/2018\/01\/PETTERI-.png?resize=298%2C300&amp;ssl=1 298w, https:\/\/i0.wp.com\/fba-events.com\/wp-content\/uploads\/2018\/01\/PETTERI-.png?resize=150%2C150&amp;ssl=1 150w, https:\/\/i0.wp.com\/fba-events.com\/wp-content\/uploads\/2018\/01\/PETTERI-.png?resize=180%2C180&amp;ssl=1 180w, https:\/\/i0.wp.com\/fba-events.com\/wp-content\/uploads\/2018\/01\/PETTERI-.png?resize=120%2C120&amp;ssl=1 120w, https:\/\/i0.wp.com\/fba-events.com\/wp-content\/uploads\/2018\/01\/PETTERI-.png?w=566&amp;ssl=1 566w\" sizes=\"(max-width: 298px) 100vw, 298px\" data-recalc-dims=\"1\" \/><\/p>\n<h4><strong><em>Director at P\u00f6yry Management Consulting<\/em><\/strong><\/h4>\n<p style=\"text-align: justify;\">Petteri Pihlajam\u00e4ki has over 30 years&#8217; of experience in strategic planning and development of forest investments,\u00a0forestry and forest industry businesses worldwide. He has capability to combine complex fibre resource, market,\u00a0competitiveness and environmental issues into strategic plans and advice to improve business performance and\u00a0shareholder value. Since the 1990s he has accumulated a large experience in forest investment strategies, M&amp;A,\u00a0valuations, due diligence, resource development and project implementation for leading international corporations.<\/p>\n<p>&nbsp;<\/p>\n<h4><span style=\"color: #dc143c;\"><a href=\"https:\/\/fba-events.com\/index.php\/international-forest-business-conference-2018\/our-speakers\/\">Meet other Speakers<\/a><\/span><\/h4>\n","protected":false},"excerpt":{"rendered":"<p>Director at P\u00f6yry Management Consulting Petteri Pihlajam\u00e4ki has over 30 years&#8217; of experience in strategic planning and development of forest&hellip; <\/p>\n","protected":false},"author":1,"featured_media":0,"parent":0,"menu_order":0,"comment_status":"closed","ping_status":"closed","template":"","meta":{"jetpack_post_was_ever_published":false,"footnotes":""},"yoast_head":"<!-- This site is optimized with the Yoast SEO plugin v20.13 - https:\/\/yoast.com\/wordpress\/plugins\/seo\/ -->\n<title>Petteri Pihlajam\u00e4ki &raquo; International Forest Business Conference<\/title>\n<meta name=\"robots\" content=\"index, follow, max-snippet:-1, max-image-preview:large, max-video-preview:-1\" \/>\n<link rel=\"canonical\" href=\"https:\/\/fba-events.com\/index.php\/petteri-pihlajamaki\/\" \/>\n<meta property=\"og:locale\" content=\"en_US\" \/>\n<meta property=\"og:type\" content=\"article\" \/>\n<meta property=\"og:title\" content=\"Petteri Pihlajam\u00e4ki &raquo; International Forest Business Conference\" \/>\n<meta property=\"og:description\" content=\"Director at P\u00f6yry Management Consulting Petteri Pihlajam\u00e4ki has over 30 years&#8217; of experience in strategic planning and development of forest&hellip;\" \/>\n<meta property=\"og:url\" content=\"https:\/\/fba-events.com\/index.php\/petteri-pihlajamaki\/\" \/>\n<meta property=\"og:site_name\" content=\"International Forest Business Conference\" \/>\n<meta property=\"article:publisher\" content=\"https:\/\/www.facebook.com\/forestanalytics\/\" \/>\n<meta property=\"og:image\" content=\"http:\/\/fba-events.com\/wp-content\/uploads\/2018\/01\/PETTERI--298x300.png\" \/>\n<meta name=\"twitter:card\" content=\"summary_large_image\" \/>\n<script type=\"application\/ld+json\" class=\"yoast-schema-graph\">{\"@context\":\"https:\/\/schema.org\",\"@graph\":[{\"@type\":\"WebPage\",\"@id\":\"https:\/\/fba-events.com\/index.php\/petteri-pihlajamaki\/\",\"url\":\"https:\/\/fba-events.com\/index.php\/petteri-pihlajamaki\/\",\"name\":\"Petteri Pihlajam\u00e4ki &raquo; International Forest Business Conference\",\"isPartOf\":{\"@id\":\"https:\/\/fba-events.com\/#website\"},\"datePublished\":\"2018-01-19T22:36:53+00:00\",\"dateModified\":\"2018-01-19T22:36:53+00:00\",\"breadcrumb\":{\"@id\":\"https:\/\/fba-events.com\/index.php\/petteri-pihlajamaki\/#breadcrumb\"},\"inLanguage\":\"en-US\",\"potentialAction\":[{\"@type\":\"ReadAction\",\"target\":[\"https:\/\/fba-events.com\/index.php\/petteri-pihlajamaki\/\"]}]},{\"@type\":\"BreadcrumbList\",\"@id\":\"https:\/\/fba-events.com\/index.php\/petteri-pihlajamaki\/#breadcrumb\",\"itemListElement\":[{\"@type\":\"ListItem\",\"position\":1,\"name\":\"Home\",\"item\":\"https:\/\/fba-events.com\/\"},{\"@type\":\"ListItem\",\"position\":2,\"name\":\"Petteri Pihlajam\u00e4ki\"}]},{\"@type\":\"WebSite\",\"@id\":\"https:\/\/fba-events.com\/#website\",\"url\":\"https:\/\/fba-events.com\/\",\"name\":\"International Forest Business Conference 2020\",\"description\":\"The Leading Forum for Forest Investment Professionals\",\"publisher\":{\"@id\":\"https:\/\/fba-events.com\/#organization\"},\"potentialAction\":[{\"@type\":\"SearchAction\",\"target\":{\"@type\":\"EntryPoint\",\"urlTemplate\":\"https:\/\/fba-events.com\/?s={search_term_string}\"},\"query-input\":\"required name=search_term_string\"}],\"inLanguage\":\"en-US\"},{\"@type\":\"Organization\",\"@id\":\"https:\/\/fba-events.com\/#organization\",\"name\":\"International Forest Business Conference\",\"url\":\"https:\/\/fba-events.com\/\",\"logo\":{\"@type\":\"ImageObject\",\"inLanguage\":\"en-US\",\"@id\":\"https:\/\/fba-events.com\/#\/schema\/logo\/image\/\",\"url\":\"https:\/\/i2.wp.com\/fba-events.com\/wp-content\/uploads\/2017\/09\/ifbc-male.png?fit=250%2C84&ssl=1\",\"contentUrl\":\"https:\/\/i2.wp.com\/fba-events.com\/wp-content\/uploads\/2017\/09\/ifbc-male.png?fit=250%2C84&ssl=1\",\"width\":250,\"height\":84,\"caption\":\"International Forest Business Conference\"},\"image\":{\"@id\":\"https:\/\/fba-events.com\/#\/schema\/logo\/image\/\"},\"sameAs\":[\"https:\/\/www.facebook.com\/forestanalytics\/\",\"https:\/\/www.linkedin.com\/company\/forest-business-analytics\"]}]}<\/script>\n<!-- \/ Yoast SEO plugin. -->","yoast_head_json":{"title":"Petteri Pihlajam\u00e4ki &raquo; International Forest Business Conference","robots":{"index":"index","follow":"follow","max-snippet":"max-snippet:-1","max-image-preview":"max-image-preview:large","max-video-preview":"max-video-preview:-1"},"canonical":"https:\/\/fba-events.com\/index.php\/petteri-pihlajamaki\/","og_locale":"en_US","og_type":"article","og_title":"Petteri Pihlajam\u00e4ki &raquo; International Forest Business Conference","og_description":"Director at P\u00f6yry Management Consulting Petteri Pihlajam\u00e4ki has over 30 years&#8217; of experience in strategic planning and development of forest&hellip;","og_url":"https:\/\/fba-events.com\/index.php\/petteri-pihlajamaki\/","og_site_name":"International Forest Business Conference","article_publisher":"https:\/\/www.facebook.com\/forestanalytics\/","og_image":[{"url":"http:\/\/fba-events.com\/wp-content\/uploads\/2018\/01\/PETTERI--298x300.png"}],"twitter_card":"summary_large_image","schema":{"@context":"https:\/\/schema.org","@graph":[{"@type":"WebPage","@id":"https:\/\/fba-events.com\/index.php\/petteri-pihlajamaki\/","url":"https:\/\/fba-events.com\/index.php\/petteri-pihlajamaki\/","name":"Petteri Pihlajam\u00e4ki &raquo; International Forest Business Conference","isPartOf":{"@id":"https:\/\/fba-events.com\/#website"},"datePublished":"2018-01-19T22:36:53+00:00","dateModified":"2018-01-19T22:36:53+00:00","breadcrumb":{"@id":"https:\/\/fba-events.com\/index.php\/petteri-pihlajamaki\/#breadcrumb"},"inLanguage":"en-US","potentialAction":[{"@type":"ReadAction","target":["https:\/\/fba-events.com\/index.php\/petteri-pihlajamaki\/"]}]},{"@type":"BreadcrumbList","@id":"https:\/\/fba-events.com\/index.php\/petteri-pihlajamaki\/#breadcrumb","itemListElement":[{"@type":"ListItem","position":1,"name":"Home","item":"https:\/\/fba-events.com\/"},{"@type":"ListItem","position":2,"name":"Petteri Pihlajam\u00e4ki"}]},{"@type":"WebSite","@id":"https:\/\/fba-events.com\/#website","url":"https:\/\/fba-events.com\/","name":"International Forest Business Conference 2020","description":"The Leading Forum for Forest Investment Professionals","publisher":{"@id":"https:\/\/fba-events.com\/#organization"},"potentialAction":[{"@type":"SearchAction","target":{"@type":"EntryPoint","urlTemplate":"https:\/\/fba-events.com\/?s={search_term_string}"},"query-input":"required name=search_term_string"}],"inLanguage":"en-US"},{"@type":"Organization","@id":"https:\/\/fba-events.com\/#organization","name":"International Forest Business Conference","url":"https:\/\/fba-events.com\/","logo":{"@type":"ImageObject","inLanguage":"en-US","@id":"https:\/\/fba-events.com\/#\/schema\/logo\/image\/","url":"https:\/\/i2.wp.com\/fba-events.com\/wp-content\/uploads\/2017\/09\/ifbc-male.png?fit=250%2C84&ssl=1","contentUrl":"https:\/\/i2.wp.com\/fba-events.com\/wp-content\/uploads\/2017\/09\/ifbc-male.png?fit=250%2C84&ssl=1","width":250,"height":84,"caption":"International Forest Business Conference"},"image":{"@id":"https:\/\/fba-events.com\/#\/schema\/logo\/image\/"},"sameAs":["https:\/\/www.facebook.com\/forestanalytics\/","https:\/\/www.linkedin.com\/company\/forest-business-analytics"]}]}},"jetpack_sharing_enabled":true,"jetpack_shortlink":"https:\/\/wp.me\/P98K2N-hb","_links":{"self":[{"href":"https:\/\/fba-events.com\/index.php\/wp-json\/wp\/v2\/pages\/1065"}],"collection":[{"href":"https:\/\/fba-events.com\/index.php\/wp-json\/wp\/v2\/pages"}],"about":[{"href":"https:\/\/fba-events.com\/index.php\/wp-json\/wp\/v2\/types\/page"}],"author":[{"embeddable":true,"href":"https:\/\/fba-events.com\/index.php\/wp-json\/wp\/v2\/users\/1"}],"replies":[{"embeddable":true,"href":"https:\/\/fba-events.com\/index.php\/wp-json\/wp\/v2\/comments?post=1065"}],"version-history":[{"count":2,"href":"https:\/\/fba-events.com\/index.php\/wp-json\/wp\/v2\/pages\/1065\/revisions"}],"predecessor-version":[{"id":1069,"href":"https:\/\/fba-events.com\/index.php\/wp-json\/wp\/v2\/pages\/1065\/revisions\/1069"}],"wp:attachment":[{"href":"https:\/\/fba-events.com\/index.php\/wp-json\/wp\/v2\/media?parent=1065"}],"curies":[{"name":"wp","href":"https:\/\/api.w.org\/{rel}","templated":true}]}}