{"id":101,"date":"2016-08-10T15:26:46","date_gmt":"2016-08-10T13:26:46","guid":{"rendered":"http:\/\/localhost\/wordpress\/event\/?page_id=101"},"modified":"2019-08-13T07:35:40","modified_gmt":"2019-08-13T05:35:40","slug":"arne-rora","status":"publish","type":"page","link":"https:\/\/fba-events.com\/index.php\/arne-rora\/","title":{"rendered":"Arne R\u00f8r\u00e5"},"content":{"rendered":"<p><img data-attachment-id=\"2385\" data-permalink=\"https:\/\/fba-events.com\/index.php\/arne-rora\/a-rora\/\" data-orig-file=\"https:\/\/i0.wp.com\/fba-events.com\/wp-content\/uploads\/2019\/08\/a.rora_.png?fit=550%2C550&amp;ssl=1\" data-orig-size=\"550,550\" data-comments-opened=\"0\" data-image-meta=\"{&quot;aperture&quot;:&quot;0&quot;,&quot;credit&quot;:&quot;&quot;,&quot;camera&quot;:&quot;&quot;,&quot;caption&quot;:&quot;&quot;,&quot;created_timestamp&quot;:&quot;0&quot;,&quot;copyright&quot;:&quot;&quot;,&quot;focal_length&quot;:&quot;0&quot;,&quot;iso&quot;:&quot;0&quot;,&quot;shutter_speed&quot;:&quot;0&quot;,&quot;title&quot;:&quot;&quot;,&quot;orientation&quot;:&quot;0&quot;}\" data-image-title=\"a.rora\" data-image-description=\"\" data-image-caption=\"\" data-medium-file=\"https:\/\/i0.wp.com\/fba-events.com\/wp-content\/uploads\/2019\/08\/a.rora_.png?fit=300%2C300&amp;ssl=1\" data-large-file=\"https:\/\/i0.wp.com\/fba-events.com\/wp-content\/uploads\/2019\/08\/a.rora_.png?fit=550%2C550&amp;ssl=1\" decoding=\"async\" loading=\"lazy\" class=\"wp-image-2385 size-medium alignleft\" src=\"https:\/\/i0.wp.com\/fba-events.com\/wp-content\/uploads\/2019\/08\/a.rora_.png?resize=300%2C300&#038;ssl=1\" alt=\"\" width=\"300\" height=\"300\" srcset=\"https:\/\/i0.wp.com\/fba-events.com\/wp-content\/uploads\/2019\/08\/a.rora_.png?resize=300%2C300&amp;ssl=1 300w, https:\/\/i0.wp.com\/fba-events.com\/wp-content\/uploads\/2019\/08\/a.rora_.png?resize=150%2C150&amp;ssl=1 150w, https:\/\/i0.wp.com\/fba-events.com\/wp-content\/uploads\/2019\/08\/a.rora_.png?resize=100%2C100&amp;ssl=1 100w, https:\/\/i0.wp.com\/fba-events.com\/wp-content\/uploads\/2019\/08\/a.rora_.png?resize=120%2C120&amp;ssl=1 120w, https:\/\/i0.wp.com\/fba-events.com\/wp-content\/uploads\/2019\/08\/a.rora_.png?resize=500%2C500&amp;ssl=1 500w, https:\/\/i0.wp.com\/fba-events.com\/wp-content\/uploads\/2019\/08\/a.rora_.png?resize=50%2C50&amp;ssl=1 50w, https:\/\/i0.wp.com\/fba-events.com\/wp-content\/uploads\/2019\/08\/a.rora_.png?w=550&amp;ssl=1 550w\" sizes=\"(max-width: 300px) 100vw, 300px\" data-recalc-dims=\"1\" \/><\/p>\n<p>Mr R\u00f8r\u00e5 is Managing Director of the NORSKOG Group<\/p>\n<p style=\"text-align: justify;\">Mr R\u00f8r\u00e5 has more than 25 years of experience as a forester and manager. He was responsible for the national forest inventory of Norway, and has represented Norway in several international programs related to forest inventory and monitoring of effects on forest from airborne pollution. Mr R\u00f8r\u00e5 has during the last 20 years worked with organizational development and industrial policy in Norway as well as internationally. Mr R\u00f8r\u00e5 is involved in several companies as a member of the board of directors in the forest sector. As chairman of the board for a Norwegian owned forest company he has been responsible for building up one of the largest private owned forest companies in the Baltic States. The\u00a0task of the company is to buy, develop, and manage forest land. He is also member of the board for NORTEAK, a company who establish and manage teak plantations in Nicaragua. Mr R\u00f8r\u00e5 is chairman of the board for The Norwegian Timber Trade Company, which annually trade about 1,7 million m3 of timber between forest owners in Norway and industry in Norway and internationally. He has been working as a consultant within timber trade and development of systems for timber trading.<\/p>\n<h4><span style=\"color: #dc143c;\"><a href=\"https:\/\/fba-events.com\/index.php\/speakers\/\" target=\"_blank\" rel=\"noopener noreferrer\">Meet other Speakers<\/a><\/span><\/h4>\n","protected":false},"excerpt":{"rendered":"<p>Mr R\u00f8r\u00e5 is Managing Director of the NORSKOG Group Mr R\u00f8r\u00e5 has more than 25 years of experience as a&hellip; <\/p>\n","protected":false},"author":1,"featured_media":774,"parent":0,"menu_order":0,"comment_status":"closed","ping_status":"closed","template":"","meta":{"jetpack_post_was_ever_published":false,"footnotes":""},"yoast_head":"<!-- This site is optimized with the Yoast SEO plugin v20.13 - https:\/\/yoast.com\/wordpress\/plugins\/seo\/ -->\n<title>Arne R\u00f8r\u00e5 &raquo; International Forest Business Conference<\/title>\n<meta name=\"robots\" content=\"index, follow, max-snippet:-1, max-image-preview:large, max-video-preview:-1\" \/>\n<link rel=\"canonical\" href=\"https:\/\/fba-events.com\/index.php\/arne-rora\/\" \/>\n<meta property=\"og:locale\" content=\"en_US\" \/>\n<meta property=\"og:type\" content=\"article\" \/>\n<meta property=\"og:title\" content=\"Arne R\u00f8r\u00e5 &raquo; International Forest Business Conference\" \/>\n<meta property=\"og:description\" content=\"Mr R\u00f8r\u00e5 is Managing Director of the NORSKOG Group Mr R\u00f8r\u00e5 has more than 25 years of experience as a&hellip;\" \/>\n<meta property=\"og:url\" content=\"https:\/\/fba-events.com\/index.php\/arne-rora\/\" \/>\n<meta property=\"og:site_name\" content=\"International Forest Business Conference\" \/>\n<meta property=\"article:publisher\" content=\"https:\/\/www.facebook.com\/forestanalytics\/\" \/>\n<meta property=\"article:modified_time\" content=\"2019-08-13T05:35:40+00:00\" \/>\n<meta property=\"og:image\" content=\"https:\/\/i0.wp.com\/fba-events.com\/wp-content\/uploads\/2016\/08\/Arne-2_Fotograf.png?fit=566%2C566&ssl=1\" \/>\n\t<meta property=\"og:image:width\" content=\"566\" \/>\n\t<meta property=\"og:image:height\" content=\"566\" \/>\n\t<meta property=\"og:image:type\" content=\"image\/png\" \/>\n<meta name=\"twitter:card\" content=\"summary_large_image\" \/>\n<meta name=\"twitter:label1\" content=\"Est. reading time\" \/>\n\t<meta name=\"twitter:data1\" content=\"1 minute\" \/>\n<script type=\"application\/ld+json\" class=\"yoast-schema-graph\">{\"@context\":\"https:\/\/schema.org\",\"@graph\":[{\"@type\":\"WebPage\",\"@id\":\"https:\/\/fba-events.com\/index.php\/arne-rora\/\",\"url\":\"https:\/\/fba-events.com\/index.php\/arne-rora\/\",\"name\":\"Arne R\u00f8r\u00e5 &raquo; International Forest Business Conference\",\"isPartOf\":{\"@id\":\"https:\/\/fba-events.com\/#website\"},\"datePublished\":\"2016-08-10T13:26:46+00:00\",\"dateModified\":\"2019-08-13T05:35:40+00:00\",\"breadcrumb\":{\"@id\":\"https:\/\/fba-events.com\/index.php\/arne-rora\/#breadcrumb\"},\"inLanguage\":\"en-US\",\"potentialAction\":[{\"@type\":\"ReadAction\",\"target\":[\"https:\/\/fba-events.com\/index.php\/arne-rora\/\"]}]},{\"@type\":\"BreadcrumbList\",\"@id\":\"https:\/\/fba-events.com\/index.php\/arne-rora\/#breadcrumb\",\"itemListElement\":[{\"@type\":\"ListItem\",\"position\":1,\"name\":\"Home\",\"item\":\"https:\/\/fba-events.com\/\"},{\"@type\":\"ListItem\",\"position\":2,\"name\":\"Arne R\u00f8r\u00e5\"}]},{\"@type\":\"WebSite\",\"@id\":\"https:\/\/fba-events.com\/#website\",\"url\":\"https:\/\/fba-events.com\/\",\"name\":\"International Forest Business Conference 2020\",\"description\":\"The Leading Forum for Forest Investment Professionals\",\"publisher\":{\"@id\":\"https:\/\/fba-events.com\/#organization\"},\"potentialAction\":[{\"@type\":\"SearchAction\",\"target\":{\"@type\":\"EntryPoint\",\"urlTemplate\":\"https:\/\/fba-events.com\/?s={search_term_string}\"},\"query-input\":\"required name=search_term_string\"}],\"inLanguage\":\"en-US\"},{\"@type\":\"Organization\",\"@id\":\"https:\/\/fba-events.com\/#organization\",\"name\":\"International Forest Business Conference\",\"url\":\"https:\/\/fba-events.com\/\",\"logo\":{\"@type\":\"ImageObject\",\"inLanguage\":\"en-US\",\"@id\":\"https:\/\/fba-events.com\/#\/schema\/logo\/image\/\",\"url\":\"https:\/\/i2.wp.com\/fba-events.com\/wp-content\/uploads\/2017\/09\/ifbc-male.png?fit=250%2C84&ssl=1\",\"contentUrl\":\"https:\/\/i2.wp.com\/fba-events.com\/wp-content\/uploads\/2017\/09\/ifbc-male.png?fit=250%2C84&ssl=1\",\"width\":250,\"height\":84,\"caption\":\"International Forest Business Conference\"},\"image\":{\"@id\":\"https:\/\/fba-events.com\/#\/schema\/logo\/image\/\"},\"sameAs\":[\"https:\/\/www.facebook.com\/forestanalytics\/\",\"https:\/\/www.linkedin.com\/company\/forest-business-analytics\"]}]}<\/script>\n<!-- \/ Yoast SEO plugin. -->","yoast_head_json":{"title":"Arne R\u00f8r\u00e5 &raquo; International Forest Business Conference","robots":{"index":"index","follow":"follow","max-snippet":"max-snippet:-1","max-image-preview":"max-image-preview:large","max-video-preview":"max-video-preview:-1"},"canonical":"https:\/\/fba-events.com\/index.php\/arne-rora\/","og_locale":"en_US","og_type":"article","og_title":"Arne R\u00f8r\u00e5 &raquo; International Forest Business Conference","og_description":"Mr R\u00f8r\u00e5 is Managing Director of the NORSKOG Group Mr R\u00f8r\u00e5 has more than 25 years of experience as a&hellip;","og_url":"https:\/\/fba-events.com\/index.php\/arne-rora\/","og_site_name":"International Forest Business Conference","article_publisher":"https:\/\/www.facebook.com\/forestanalytics\/","article_modified_time":"2019-08-13T05:35:40+00:00","og_image":[{"width":566,"height":566,"url":"https:\/\/i0.wp.com\/fba-events.com\/wp-content\/uploads\/2016\/08\/Arne-2_Fotograf.png?fit=566%2C566&ssl=1","type":"image\/png"}],"twitter_card":"summary_large_image","twitter_misc":{"Est. reading time":"1 minute"},"schema":{"@context":"https:\/\/schema.org","@graph":[{"@type":"WebPage","@id":"https:\/\/fba-events.com\/index.php\/arne-rora\/","url":"https:\/\/fba-events.com\/index.php\/arne-rora\/","name":"Arne R\u00f8r\u00e5 &raquo; International Forest Business Conference","isPartOf":{"@id":"https:\/\/fba-events.com\/#website"},"datePublished":"2016-08-10T13:26:46+00:00","dateModified":"2019-08-13T05:35:40+00:00","breadcrumb":{"@id":"https:\/\/fba-events.com\/index.php\/arne-rora\/#breadcrumb"},"inLanguage":"en-US","potentialAction":[{"@type":"ReadAction","target":["https:\/\/fba-events.com\/index.php\/arne-rora\/"]}]},{"@type":"BreadcrumbList","@id":"https:\/\/fba-events.com\/index.php\/arne-rora\/#breadcrumb","itemListElement":[{"@type":"ListItem","position":1,"name":"Home","item":"https:\/\/fba-events.com\/"},{"@type":"ListItem","position":2,"name":"Arne R\u00f8r\u00e5"}]},{"@type":"WebSite","@id":"https:\/\/fba-events.com\/#website","url":"https:\/\/fba-events.com\/","name":"International Forest Business Conference 2020","description":"The Leading Forum for Forest Investment Professionals","publisher":{"@id":"https:\/\/fba-events.com\/#organization"},"potentialAction":[{"@type":"SearchAction","target":{"@type":"EntryPoint","urlTemplate":"https:\/\/fba-events.com\/?s={search_term_string}"},"query-input":"required name=search_term_string"}],"inLanguage":"en-US"},{"@type":"Organization","@id":"https:\/\/fba-events.com\/#organization","name":"International Forest Business Conference","url":"https:\/\/fba-events.com\/","logo":{"@type":"ImageObject","inLanguage":"en-US","@id":"https:\/\/fba-events.com\/#\/schema\/logo\/image\/","url":"https:\/\/i2.wp.com\/fba-events.com\/wp-content\/uploads\/2017\/09\/ifbc-male.png?fit=250%2C84&ssl=1","contentUrl":"https:\/\/i2.wp.com\/fba-events.com\/wp-content\/uploads\/2017\/09\/ifbc-male.png?fit=250%2C84&ssl=1","width":250,"height":84,"caption":"International Forest Business Conference"},"image":{"@id":"https:\/\/fba-events.com\/#\/schema\/logo\/image\/"},"sameAs":["https:\/\/www.facebook.com\/forestanalytics\/","https:\/\/www.linkedin.com\/company\/forest-business-analytics"]}]}},"jetpack_sharing_enabled":true,"jetpack_shortlink":"https:\/\/wp.me\/P98K2N-1D","_links":{"self":[{"href":"https:\/\/fba-events.com\/index.php\/wp-json\/wp\/v2\/pages\/101"}],"collection":[{"href":"https:\/\/fba-events.com\/index.php\/wp-json\/wp\/v2\/pages"}],"about":[{"href":"https:\/\/fba-events.com\/index.php\/wp-json\/wp\/v2\/types\/page"}],"author":[{"embeddable":true,"href":"https:\/\/fba-events.com\/index.php\/wp-json\/wp\/v2\/users\/1"}],"replies":[{"embeddable":true,"href":"https:\/\/fba-events.com\/index.php\/wp-json\/wp\/v2\/comments?post=101"}],"version-history":[{"count":10,"href":"https:\/\/fba-events.com\/index.php\/wp-json\/wp\/v2\/pages\/101\/revisions"}],"predecessor-version":[{"id":2386,"href":"https:\/\/fba-events.com\/index.php\/wp-json\/wp\/v2\/pages\/101\/revisions\/2386"}],"wp:featuredmedia":[{"embeddable":true,"href":"https:\/\/fba-events.com\/index.php\/wp-json\/wp\/v2\/media\/774"}],"wp:attachment":[{"href":"https:\/\/fba-events.com\/index.php\/wp-json\/wp\/v2\/media?parent=101"}],"curies":[{"name":"wp","href":"https:\/\/api.w.org\/{rel}","templated":true}]}}